{"id":12,"date":"2012-06-11T11:53:43","date_gmt":"2012-06-11T11:53:43","guid":{"rendered":"http:\/\/www.egermann.net\/?page_id=12"},"modified":"2023-12-08T13:04:25","modified_gmt":"2023-12-08T13:04:25","slug":"contact","status":"publish","type":"page","link":"https:\/\/www.egermann.net\/?page_id=12","title":{"rendered":"Contact"},"content":{"rendered":"<p>Univ-Prof. Dr. Hauke Egermann<\/p>\n<div dir=\"auto\">Universit\u00e4t zu K\u00f6ln<\/div>\n<div dir=\"auto\">Musikwissenschaftliches Institut<br>\nAlbertus-Magnus-Platz<br>\n50923 K\u00f6ln<\/div>\n<div dir=\"auto\">Germany<\/div>\n<p>hauke \/ egermann () uni-koeln \/ de (please replace the slashs with a dot, and the two parentheses with an at sign)<\/p>\n\n\n<p><\/p>\n","protected":false},"excerpt":{"rendered":"<p>Univ-Prof. Dr. Hauke Egermann Universit\u00e4t zu K\u00f6ln Musikwissenschaftliches Institut Albertus-Magnus-Platz 50923 K\u00f6ln Germany hauke \/ egermann () uni-koeln \/ de (please replace the slashs with a dot, and the two parentheses with an at sign)<\/p>\n","protected":false},"author":1,"featured_media":0,"parent":0,"menu_order":7,"comment_status":"closed","ping_status":"closed","template":"showcase.php","meta":{"_monsterinsights_skip_tracking":false,"_monsterinsights_sitenote_active":false,"_monsterinsights_sitenote_note":"","_monsterinsights_sitenote_category":0,"footnotes":""},"class_list":["post-12","page","type-page","status-publish","hentry"],"_links":{"self":[{"href":"https:\/\/www.egermann.net\/index.php?rest_route=\/wp\/v2\/pages\/12","targetHints":{"allow":["GET"]}}],"collection":[{"href":"https:\/\/www.egermann.net\/index.php?rest_route=\/wp\/v2\/pages"}],"about":[{"href":"https:\/\/www.egermann.net\/index.php?rest_route=\/wp\/v2\/types\/page"}],"author":[{"embeddable":true,"href":"https:\/\/www.egermann.net\/index.php?rest_route=\/wp\/v2\/users\/1"}],"replies":[{"embeddable":true,"href":"https:\/\/www.egermann.net\/index.php?rest_route=%2Fwp%2Fv2%2Fcomments&post=12"}],"version-history":[{"count":16,"href":"https:\/\/www.egermann.net\/index.php?rest_route=\/wp\/v2\/pages\/12\/revisions"}],"predecessor-version":[{"id":574,"href":"https:\/\/www.egermann.net\/index.php?rest_route=\/wp\/v2\/pages\/12\/revisions\/574"}],"wp:attachment":[{"href":"https:\/\/www.egermann.net\/index.php?rest_route=%2Fwp%2Fv2%2Fmedia&parent=12"}],"curies":[{"name":"wp","href":"https:\/\/api.w.org\/{rel}","templated":true}]}}